{"id":488,"date":"2016-06-11T22:45:31","date_gmt":"2016-06-11T20:45:31","guid":{"rendered":"https:\/\/www.systemische-praxis-potsdam.de\/judithmuecke\/?page_id=488"},"modified":"2024-02-05T00:51:35","modified_gmt":"2024-02-04T22:51:35","slug":"achtsamkeits-meditation","status":"publish","type":"page","link":"https:\/\/www.systemische-praxis-potsdam.de\/judithmuecke\/achtsamkeits-meditation\/","title":{"rendered":"Achtsamkeits-Meditations-Kurs"},"content":{"rendered":"<p><a href=\"https:\/\/potsdaminstitut.de\/\">Die aktuellen Kurse finden Sie hier<\/a><\/p>\n<p>Im diesem 4 w\u00f6chigen Meditationskurs bringe ich Dir meine vier Lieblingsmeditationen bei:<\/p>\n<p><a href=\"https:\/\/www.systemische-praxis-potsdam.de\/judithmuecke\/wp-content\/uploads\/2019\/03\/green-1350599_1920.jpeg\"><img loading=\"lazy\" decoding=\"async\" class=\"alignleft wp-image-820\" src=\"https:\/\/www.systemische-praxis-potsdam.de\/judithmuecke\/wp-content\/uploads\/2019\/03\/green-1350599_1920.jpeg\" alt=\"\" width=\"190\" height=\"196\" \/><\/a><\/p>\n<p>&nbsp;<\/p>\n<p>Die erste Meditation ist heilsam und bewusstseinserweiternd.<br \/>\nHier lernst du, wie du dich \u00fcber deine K\u00f6rperempfindungen mit deinen Gef\u00fchlen verbindest, diese genau bestimmst und sie heilst.<\/p>\n<p>&nbsp;<\/p>\n<p>&nbsp;<\/p>\n<p><a href=\"https:\/\/www.systemische-praxis-potsdam.de\/judithmuecke\/wp-content\/uploads\/2019\/03\/men-1276384_1920.jpeg\"><img loading=\"lazy\" decoding=\"async\" class=\"alignleft wp-image-821\" src=\"https:\/\/www.systemische-praxis-potsdam.de\/judithmuecke\/wp-content\/uploads\/2019\/03\/men-1276384_1920.jpeg\" alt=\"\" width=\"190\" height=\"197\" \/><\/a><\/p>\n<p>In der zweiten Woche geht es darum, von deinen Gedanken frei zu werden.<br \/>\nDu lernst zwei wirksame Techniken, durch die du deinen Kopf von \u00fcberfl\u00fcssigem Denken befreien kannst.<\/p>\n<p>&nbsp;<\/p>\n<p>&nbsp;<\/p>\n<p>&nbsp;<\/p>\n<p><a href=\"https:\/\/www.systemische-praxis-potsdam.de\/judithmuecke\/wp-content\/uploads\/2019\/03\/woman-865021_1920.jpeg\"><img loading=\"lazy\" decoding=\"async\" class=\"alignleft wp-image-822\" src=\"https:\/\/www.systemische-praxis-potsdam.de\/judithmuecke\/wp-content\/uploads\/2019\/03\/woman-865021_1920.jpeg\" alt=\"\" width=\"190\" height=\"245\" srcset=\"https:\/\/www.systemische-praxis-potsdam.de\/judithmuecke\/wp-content\/uploads\/2019\/03\/woman-865021_1920.jpeg 240w, https:\/\/www.systemische-praxis-potsdam.de\/judithmuecke\/wp-content\/uploads\/2019\/03\/woman-865021_1920-233x300.jpeg 233w\" sizes=\"(max-width: 190px) 100vw, 190px\" \/><\/a><\/p>\n<p>Meine dritte Lieblingsmeditation verbindet dich mit der Gegenwart, mit wahrer Freiheit und dem Sosein.<br \/>\nHier zeige ich dir eine einfache, unterhaltsame, alltagstaugliche und effektive Methode, die dich in die Gegenwart holt und dich augenblicklich mit dem h\u00f6chsten Bewusstsein in dir verbindet.<\/p>\n<p>&nbsp;<\/p>\n<p>&nbsp;<\/p>\n<p>&nbsp;<\/p>\n<p><a href=\"https:\/\/www.systemische-praxis-potsdam.de\/judithmuecke\/wp-content\/uploads\/2019\/03\/energy-2826684_1920.jpeg\"><img loading=\"lazy\" decoding=\"async\" class=\"alignleft wp-image-823\" src=\"https:\/\/www.systemische-praxis-potsdam.de\/judithmuecke\/wp-content\/uploads\/2019\/03\/energy-2826684_1920.jpeg\" alt=\"\" width=\"191\" height=\"170\" \/><\/a><\/p>\n<p>&nbsp;<\/p>\n<p>In der letzten Woche geht es um deine ganz pers\u00f6nliche Energieerh\u00f6hung.<br \/>\nDu lernst, wie du deinen K\u00f6rper und dein Energiesystem jeder Zeit energetisch aufladen kannst, wenn du dich m\u00fcde und ersch\u00f6pft f\u00fchlst oder dir einfach etwas Gutes tun m\u00f6chtest.<\/p>\n<p lang=\"de-DE\" align=\"JUSTIFY\"><a href=\"https:\/\/potsdaminstitut.de\/\">Neue Kurse finden Sie hier<\/a><\/p>\n<div class=\"shariff shariff-align-flex-start shariff-widget-align-flex-start\"><ul class=\"shariff-buttons theme-default orientation-horizontal buttonsize-small\"><li class=\"shariff-button facebook shariff-nocustomcolor\" style=\"background-color:#4273c8\"><a href=\"https:\/\/www.facebook.com\/sharer\/sharer.php?u=https%3A%2F%2Fwww.systemische-praxis-potsdam.de%2Fjudithmuecke%2Fachtsamkeits-meditation%2F\" title=\"Bei Facebook teilen\" aria-label=\"Bei Facebook teilen\" role=\"button\" rel=\"nofollow\" class=\"shariff-link\" style=\"; background-color:#3b5998; color:#fff\" target=\"_blank\"><span class=\"shariff-icon\" style=\"\"><svg width=\"32px\" height=\"20px\" xmlns=\"http:\/\/www.w3.org\/2000\/svg\" viewBox=\"0 0 18 32\"><path fill=\"#3b5998\" d=\"M17.1 0.2v4.7h-2.8q-1.5 0-2.1 0.6t-0.5 1.9v3.4h5.2l-0.7 5.3h-4.5v13.6h-5.5v-13.6h-4.5v-5.3h4.5v-3.9q0-3.3 1.9-5.2t5-1.8q2.6 0 4.1 0.2z\"\/><\/svg><\/span><span class=\"shariff-text\">teilen<\/span>&nbsp;<\/a><\/li><\/ul><\/div>","protected":false},"excerpt":{"rendered":"<p>Die aktuellen Kurse finden Sie hier Im diesem 4 w\u00f6chigen Meditationskurs bringe ich Dir meine vier Lieblingsmeditationen bei: &nbsp; Die erste Meditation ist heilsam und bewusstseinserweiternd. Hier lernst du, wie du dich \u00fcber deine K\u00f6rperempfindungen mit deinen Gef\u00fchlen verbindest, diese genau bestimmst und sie heilst. &nbsp; &nbsp; In der zweiten Woche geht es darum, von [&hellip;]<\/p>\n","protected":false},"author":2,"featured_media":0,"parent":0,"menu_order":0,"comment_status":"closed","ping_status":"closed","template":"","meta":{"footnotes":""},"_links":{"self":[{"href":"https:\/\/www.systemische-praxis-potsdam.de\/judithmuecke\/wp-json\/wp\/v2\/pages\/488"}],"collection":[{"href":"https:\/\/www.systemische-praxis-potsdam.de\/judithmuecke\/wp-json\/wp\/v2\/pages"}],"about":[{"href":"https:\/\/www.systemische-praxis-potsdam.de\/judithmuecke\/wp-json\/wp\/v2\/types\/page"}],"author":[{"embeddable":true,"href":"https:\/\/www.systemische-praxis-potsdam.de\/judithmuecke\/wp-json\/wp\/v2\/users\/2"}],"replies":[{"embeddable":true,"href":"https:\/\/www.systemische-praxis-potsdam.de\/judithmuecke\/wp-json\/wp\/v2\/comments?post=488"}],"version-history":[{"count":44,"href":"https:\/\/www.systemische-praxis-potsdam.de\/judithmuecke\/wp-json\/wp\/v2\/pages\/488\/revisions"}],"predecessor-version":[{"id":1023,"href":"https:\/\/www.systemische-praxis-potsdam.de\/judithmuecke\/wp-json\/wp\/v2\/pages\/488\/revisions\/1023"}],"wp:attachment":[{"href":"https:\/\/www.systemische-praxis-potsdam.de\/judithmuecke\/wp-json\/wp\/v2\/media?parent=488"}],"curies":[{"name":"wp","href":"https:\/\/api.w.org\/{rel}","templated":true}]}}