{"id":485,"date":"2016-06-11T22:44:00","date_gmt":"2016-06-11T20:44:00","guid":{"rendered":"https:\/\/www.systemische-praxis-potsdam.de\/judithmuecke\/?page_id=485"},"modified":"2024-02-05T00:51:08","modified_gmt":"2024-02-04T22:51:08","slug":"innere-kind-arbeit","status":"publish","type":"page","link":"https:\/\/www.systemische-praxis-potsdam.de\/judithmuecke\/innere-kind-arbeit\/","title":{"rendered":"Kurs f\u00fcr das innere Kind"},"content":{"rendered":"<p lang=\"de-DE\" align=\"JUSTIFY\"><strong><a href=\"https:\/\/www.systemische-praxis-potsdam.de\/judithmuecke\/wp-content\/uploads\/2016\/06\/DSCF8406.jpg\"><img decoding=\"async\" class=\"alignleft size-full wp-image-588\" src=\"https:\/\/www.systemische-praxis-potsdam.de\/judithmuecke\/wp-content\/uploads\/2016\/06\/DSCF8406.jpg\" alt=\"DSCF8406\" \/><\/a><br \/>\n<\/strong><\/p>\n<blockquote class=\"wp-embedded-content\" data-secret=\"KoxijBFT8J\"><p><a href=\"https:\/\/potsdaminstitut.de\/kontakt-anmeldung\/\">Kontakt<\/a><\/p><\/blockquote>\n<p><iframe class=\"wp-embedded-content\" sandbox=\"allow-scripts\" security=\"restricted\" style=\"position: absolute; clip: rect(1px, 1px, 1px, 1px);\" title=\"&#8222;Kontakt&#8220; &#8212; Institut f\u00fcr Pers\u00f6nlichkeitsentwicklung Potsdam\" src=\"https:\/\/potsdaminstitut.de\/kontakt-anmeldung\/embed\/#?secret=vUq73oJ4SJ#?secret=KoxijBFT8J\" data-secret=\"KoxijBFT8J\" width=\"600\" height=\"338\" frameborder=\"0\" marginwidth=\"0\" marginheight=\"0\" scrolling=\"no\"><\/iframe><\/p>\n<p><span style=\"color: #ff0000;\"><a href=\"https:\/\/potsdaminstitut.de\/\">Die aktuellen Kurse finden Sie hier<\/a><br \/>\n<\/span><\/p>\n<p lang=\"de-DE\" align=\"JUSTIFY\"><strong><span style=\"color: #3366ff;\">In diesem Kurs arbeiten wir mit der Wahrnehmung. Wir untersuchen unsere inneren Ebenen und lernen dabei uns selbst besser kennen. Auf diese Weise entsteht ganz automatisch ein bewussterer Umgang, mehr Selbstvertrauen und -sicherheit mit uns, mit anderen Menschen und mit unseren Lebenssituationen. W\u00e4hrend wir uns bewusst wahrnehmen, erfahren wir nicht nur sehr viel \u00fcber uns, wir heilen auch, entwickeln uns und reifen.<\/span><\/strong><\/p>\n<p lang=\"de-DE\" align=\"JUSTIFY\"><strong><span style=\"color: #333399;\">W\u00e4hrend der regelm\u00e4\u00dfigen Selbstwahrnehmung werden wir immer mehr zu uns selbst und lassen alte st\u00f6rende Pr\u00e4gungen, Belastungen und Muster hinter uns.<\/span><\/strong><\/p>\n<p lang=\"de-DE\" align=\"JUSTIFY\"><span style=\"font-family: Century Gothic,sans-serif;\"><span style=\"font-size: large;\">Beim Umgang mit dem Inneren Kind geht es immer um zwei Pers\u00f6nlichkeitsaspekte. Zum einen um unsere Gef\u00fchlswelt, mitsamt den alten kindlichen Pr\u00e4gungen und zum anderen um die Erwachsenenebene, mit ihrer Verantwortung und Reife.<\/span><\/span><\/p>\n<p lang=\"de-DE\" align=\"JUSTIFY\"><span style=\"font-family: Century Gothic,sans-serif;\"><span style=\"font-size: large;\">Diese beiden Pers\u00f6nlichkeitsanteile sollten bestenfalls harmonisch und bewusst miteinander verbunden sein. Nicht selten jedoch dominiert ein Teil oder trennt sich vom Anderen ab. Ist die Erwachsenenebene unverbunden, dann f\u00e4llt es der Person meist schwer, sich emotional auf jemanden einzulassen. Oft fehlt auch die Empathie f\u00fcr andere Menschen und f\u00fcr Angemessenheit. Solche Menschen k\u00f6nnen sehr autonom wirken, vielleicht auch getrieben. Wenn es um zwischenmenschliche Angelegenheiten geht, kommen nicht selten noch Unsicherheit, Verkopftheit und Machtspiele dazu. Auf der Seite des Inneren Kindes finden wir dann viel Traurigkeit, Einsamkeit, Verletzungen und alte famili\u00e4re Belastungen. Wenn das Innere-Kind uns dominiert, dann k\u00f6nnen alte Gef\u00fchle unseren Alltag bestimmen, gro\u00dfe unerf\u00fcllte Sehns\u00fcchte uns treiben oder wir f\u00fchlen uns dem Leben einfach nie richtig gewachsen. Oft erfahren wir dann Erfolglosigkeit in manchen Lebensbereichen: beruflich, partnerschaftlich, gesundheitlich usw.<\/span><\/span><\/p>\n<p lang=\"de-DE\" align=\"JUSTIFY\"><span style=\"font-family: Century Gothic,sans-serif;\"><span style=\"font-size: large;\">Sind wir in Kind- und ErwachsenenEbene fragmentiert, weil wir unsere Vergangenheit nicht verarbeitet haben, wir es nicht gelernt haben, eine gute Beziehung zu uns selbst zu pflegen oder es einfach so passiert ist, dann k\u00f6nnen unsere Beziehungen zu anderen Menschen immer wieder schwierig sein oder stagnieren. Meist gibt es chronische Krankheiten und ein eher selbstbezogenes oder aufopferndes Verhalten. <\/span><\/span><\/p>\n<p lang=\"de-DE\" align=\"JUSTIFY\"><span style=\"font-family: Century Gothic,sans-serif;\"><span style=\"font-size: large;\">Innere-Kind-Arbeit kann uns helfen, den Kontakt zu unseren Gef\u00fchlen, Bed\u00fcrfnissen und Sehns\u00fcchten wieder herzustellen und wir k\u00f6nnen lernen, wie sich ein liebender, zugewandter und respektvoller Erwachsener verh\u00e4lt, der in der Lage ist, sich auf nat\u00fcrliche Weise zu sch\u00fctzen. Oft hatten wir nicht die besten erwachsenen Vorbilder, so dass wir auch nicht lernen konnten, wie wir uns angemessen verhalten k\u00f6nnen. <\/span><\/span><\/p>\n<p lang=\"de-DE\" align=\"JUSTIFY\"><span style=\"font-family: Century Gothic,sans-serif;\"><span style=\"font-size: large;\">Die Verbindung zwischen ErwachsenenEbene und Innerem Kind kann leicht wieder hergestellt und vertieft werden. Durch ein friedvolles ehrliches und aufmerksames Interesse f\u00fcr uns selbst, k\u00f6nnen wir lernen, eine zutiefst gesunde und nat\u00fcrliche Beziehung zu uns und allen Formen des Lebens wieder zu erlangen.<\/span><\/span><\/p>\n<p lang=\"de-DE\" align=\"JUSTIFY\"><a href=\"https:\/\/potsdaminstitut.de\/\">Die aktuellen Kurse finden Sie hier<\/a><\/p>\n<div class=\"shariff shariff-align-flex-start shariff-widget-align-flex-start\"><ul class=\"shariff-buttons theme-default orientation-horizontal buttonsize-small\"><li class=\"shariff-button facebook shariff-nocustomcolor\" style=\"background-color:#4273c8\"><a href=\"https:\/\/www.facebook.com\/sharer\/sharer.php?u=https%3A%2F%2Fwww.systemische-praxis-potsdam.de%2Fjudithmuecke%2Finnere-kind-arbeit%2F\" title=\"Bei Facebook teilen\" aria-label=\"Bei Facebook teilen\" role=\"button\" rel=\"nofollow\" class=\"shariff-link\" style=\"; background-color:#3b5998; color:#fff\" target=\"_blank\"><span class=\"shariff-icon\" style=\"\"><svg width=\"32px\" height=\"20px\" xmlns=\"http:\/\/www.w3.org\/2000\/svg\" viewBox=\"0 0 18 32\"><path fill=\"#3b5998\" d=\"M17.1 0.2v4.7h-2.8q-1.5 0-2.1 0.6t-0.5 1.9v3.4h5.2l-0.7 5.3h-4.5v13.6h-5.5v-13.6h-4.5v-5.3h4.5v-3.9q0-3.3 1.9-5.2t5-1.8q2.6 0 4.1 0.2z\"\/><\/svg><\/span><span class=\"shariff-text\">teilen<\/span>&nbsp;<\/a><\/li><\/ul><\/div>","protected":false},"excerpt":{"rendered":"<p>Kontakt Die aktuellen Kurse finden Sie hier In diesem Kurs arbeiten wir mit der Wahrnehmung. Wir untersuchen unsere inneren Ebenen und lernen dabei uns selbst besser kennen. Auf diese Weise entsteht ganz automatisch ein bewussterer Umgang, mehr Selbstvertrauen und -sicherheit mit uns, mit anderen Menschen und mit unseren Lebenssituationen. W\u00e4hrend wir uns bewusst wahrnehmen, erfahren [&hellip;]<\/p>\n","protected":false},"author":2,"featured_media":0,"parent":0,"menu_order":0,"comment_status":"closed","ping_status":"closed","template":"","meta":{"footnotes":""},"_links":{"self":[{"href":"https:\/\/www.systemische-praxis-potsdam.de\/judithmuecke\/wp-json\/wp\/v2\/pages\/485"}],"collection":[{"href":"https:\/\/www.systemische-praxis-potsdam.de\/judithmuecke\/wp-json\/wp\/v2\/pages"}],"about":[{"href":"https:\/\/www.systemische-praxis-potsdam.de\/judithmuecke\/wp-json\/wp\/v2\/types\/page"}],"author":[{"embeddable":true,"href":"https:\/\/www.systemische-praxis-potsdam.de\/judithmuecke\/wp-json\/wp\/v2\/users\/2"}],"replies":[{"embeddable":true,"href":"https:\/\/www.systemische-praxis-potsdam.de\/judithmuecke\/wp-json\/wp\/v2\/comments?post=485"}],"version-history":[{"count":41,"href":"https:\/\/www.systemische-praxis-potsdam.de\/judithmuecke\/wp-json\/wp\/v2\/pages\/485\/revisions"}],"predecessor-version":[{"id":1022,"href":"https:\/\/www.systemische-praxis-potsdam.de\/judithmuecke\/wp-json\/wp\/v2\/pages\/485\/revisions\/1022"}],"wp:attachment":[{"href":"https:\/\/www.systemische-praxis-potsdam.de\/judithmuecke\/wp-json\/wp\/v2\/media?parent=485"}],"curies":[{"name":"wp","href":"https:\/\/api.w.org\/{rel}","templated":true}]}}