{"id":146,"date":"2014-06-13T15:41:17","date_gmt":"2014-06-13T13:41:17","guid":{"rendered":"http:\/\/www.systemische-praxis-potsdam.de\/website_2014\/?page_id=146"},"modified":"2024-10-09T22:19:24","modified_gmt":"2024-10-09T20:19:24","slug":"impressum","status":"publish","type":"page","link":"https:\/\/www.systemische-praxis-potsdam.de\/judithmuecke\/impressum\/","title":{"rendered":"Impressum"},"content":{"rendered":"<p><strong>Judith M\u00fccke<\/strong><br \/>\nBurgstra\u00dfe 13<br \/>\n14548 Ferch<\/p>\n<p>0176 240 95 604<br \/>\n&#x6d;&#117;ec&#x6b;&#x65;ju&#x64;&#x69;&#116;h&#64;&#x67;&#111;og&#x6c;&#x65;&#109;a&#x69;&#x6c;&#46;co&#x6d;<\/p>\n<p>www.systemische-praxis-potsdam.de<\/p>\n<hr \/>\n<h2>Haftungsausschluss:<\/h2>\n<h3>Haftung f\u00fcr Inhalte<\/h3>\n<p>Die Inhalte unserer Seiten wurden mit gr\u00f6\u00dfter Sorgfalt erstellt. F\u00fcr die Richtigkeit, Vollst\u00e4ndigkeit und Aktualit\u00e4t der Inhalte k\u00f6nnen wir jedoch keine Gew\u00e4hr \u00fcbernehmen. Als Diensteanbieter sind wir gem\u00e4\u00df \u00a7 7 Abs.1 TMG f\u00fcr eigene Inhalte auf diesen Seiten nach den allgemeinen Gesetzen verantwortlich. Nach \u00a7\u00a7 8 bis 10 TMG sind wir als Diensteanbieter jedoch nicht verpflichtet, \u00fcbermittelte oder gespeicherte fremde Informationen zu \u00fcberwachen oder nach Umst\u00e4nden zu forschen, die auf eine rechtswidrige T\u00e4tigkeit hinweisen. Verpflichtungen zur Entfernung oder Sperrung der Nutzung von Informationen nach den allgemeinen Gesetzen bleiben hiervon unber\u00fchrt. Eine diesbez\u00fcgliche Haftung ist jedoch erst ab dem Zeitpunkt der Kenntnis einer konkreten Rechtsverletzung m\u00f6glich. Bei Bekanntwerden von entsprechenden Rechtsverletzungen werden wir diese Inhalte umgehend entfernen.<\/p>\n<h3>Haftung f\u00fcr Links<\/h3>\n<p>Unser Angebot enth\u00e4lt Links zu externen Webseiten Dritter, auf deren Inhalte wir keinen Einfluss haben. Deshalb k\u00f6nnen wir f\u00fcr diese fremden Inhalte auch keine Gew\u00e4hr \u00fcbernehmen. F\u00fcr die Inhalte der verlinkten Seiten ist stets der jeweilige Anbieter oder Betreiber der Seiten verantwortlich. Die verlinkten Seiten wurden zum Zeitpunkt der Verlinkung auf m\u00f6gliche Rechtsverst\u00f6\u00dfe \u00fcberpr\u00fcft. Rechtswidrige<br \/>\nInhalte waren zum Zeitpunkt der Verlinkung nicht erkennbar. Eine permanente inhaltliche Kontrolle der verlinkten Seiten ist jedoch ohne konkrete Anhaltspunkte einer Rechtsverletzung nicht zumutbar. Bei Bekanntwerden von Rechtsverletzungen werden wir derartige Links umgehend entfernen.<\/p>\n<h2>Urheberrecht<\/h2>\n<p>Die durch die Seitenbetreiber erstellten Inhalte und Werke auf diesen Seiten unterliegen dem deutschen Urheberrecht. Die Vervielf\u00e4ltigung, Bearbeitung, Verbreitung und jede Art der Verwertung au\u00dferhalb der Grenzen des Urheberrechtes bed\u00fcrfen der schriftlichen Zustimmung des jeweiligen Autors bzw. Erstellers. Downloads und Kopien dieser Seite sind nur f\u00fcr den privaten, nicht kommerziellen Gebrauch gestattet. Soweit die Inhalte auf dieser Seite nicht vom Betreiber erstellt wurden, werden die Urheberrechte Dritter beachtet. Insbesondere werden Inhalte Dritter als solche gekennzeichnet. Sollten Sie trotzdem auf eine Urheberrechtsverletzung aufmerksam werden, bitten wir um einen entsprechenden Hinweis. Bei Bekanntwerden von Rechtsverletzungen werden wir derartige Inhalte umgehend entfernen.<\/p>\n<h2>Datenschutz<\/h2>\n<p>Lesen Sie zum Datenschutz bitte meine <a href=\"https:\/\/www.systemische-praxis-potsdam.de\/judithmuecke\/datenschutzerklaerung\/\">Datenschutzerkl\u00e4rung<\/a>.<\/p>\n<p>&nbsp;<\/p>\n<p>Quelle:\u00a0<a title=\"\u00d6ffnet externen Link in neuem Fenster\" href=\"http:\/\/www.e-recht24.de\/\" target=\"_blank\" rel=\"noopener noreferrer\">eRecht24, das Portal zum Internetrecht von Rechtsanwalt S\u00f6ren Siebert<\/a><\/p>\n<div class=\"shariff shariff-align-flex-start shariff-widget-align-flex-start\"><ul class=\"shariff-buttons theme-default orientation-horizontal buttonsize-small\"><li class=\"shariff-button facebook shariff-nocustomcolor\" style=\"background-color:#4273c8\"><a href=\"https:\/\/www.facebook.com\/sharer\/sharer.php?u=https%3A%2F%2Fwww.systemische-praxis-potsdam.de%2Fjudithmuecke%2Fimpressum%2F\" title=\"Bei Facebook teilen\" aria-label=\"Bei Facebook teilen\" role=\"button\" rel=\"nofollow\" class=\"shariff-link\" style=\"; background-color:#3b5998; color:#fff\" target=\"_blank\"><span class=\"shariff-icon\" style=\"\"><svg width=\"32px\" height=\"20px\" xmlns=\"http:\/\/www.w3.org\/2000\/svg\" viewBox=\"0 0 18 32\"><path fill=\"#3b5998\" d=\"M17.1 0.2v4.7h-2.8q-1.5 0-2.1 0.6t-0.5 1.9v3.4h5.2l-0.7 5.3h-4.5v13.6h-5.5v-13.6h-4.5v-5.3h4.5v-3.9q0-3.3 1.9-5.2t5-1.8q2.6 0 4.1 0.2z\"\/><\/svg><\/span><span class=\"shariff-text\">teilen<\/span>&nbsp;<\/a><\/li><\/ul><\/div>","protected":false},"excerpt":{"rendered":"<p>Judith M\u00fccke Burgstra\u00dfe 13 14548 Ferch 0176 240 95 604 mu&#101;&#x63;&#x6b;&#x65;ju&#100;&#x69;&#x74;&#x68;&#64;g&#111;&#x6f;&#x67;&#x6c;ema&#105;&#x6c;&#x2e;&#x63;om www.systemische-praxis-potsdam.de Haftungsausschluss: Haftung f\u00fcr Inhalte Die Inhalte unserer Seiten wurden mit gr\u00f6\u00dfter Sorgfalt erstellt. F\u00fcr die Richtigkeit, Vollst\u00e4ndigkeit und Aktualit\u00e4t der Inhalte k\u00f6nnen wir jedoch keine Gew\u00e4hr \u00fcbernehmen. Als Diensteanbieter sind wir gem\u00e4\u00df \u00a7 7 Abs.1 TMG f\u00fcr eigene Inhalte auf diesen Seiten nach [&hellip;]<\/p>\n","protected":false},"author":1,"featured_media":0,"parent":0,"menu_order":0,"comment_status":"closed","ping_status":"closed","template":"","meta":{"footnotes":""},"_links":{"self":[{"href":"https:\/\/www.systemische-praxis-potsdam.de\/judithmuecke\/wp-json\/wp\/v2\/pages\/146"}],"collection":[{"href":"https:\/\/www.systemische-praxis-potsdam.de\/judithmuecke\/wp-json\/wp\/v2\/pages"}],"about":[{"href":"https:\/\/www.systemische-praxis-potsdam.de\/judithmuecke\/wp-json\/wp\/v2\/types\/page"}],"author":[{"embeddable":true,"href":"https:\/\/www.systemische-praxis-potsdam.de\/judithmuecke\/wp-json\/wp\/v2\/users\/1"}],"replies":[{"embeddable":true,"href":"https:\/\/www.systemische-praxis-potsdam.de\/judithmuecke\/wp-json\/wp\/v2\/comments?post=146"}],"version-history":[{"count":8,"href":"https:\/\/www.systemische-praxis-potsdam.de\/judithmuecke\/wp-json\/wp\/v2\/pages\/146\/revisions"}],"predecessor-version":[{"id":1030,"href":"https:\/\/www.systemische-praxis-potsdam.de\/judithmuecke\/wp-json\/wp\/v2\/pages\/146\/revisions\/1030"}],"wp:attachment":[{"href":"https:\/\/www.systemische-praxis-potsdam.de\/judithmuecke\/wp-json\/wp\/v2\/media?parent=146"}],"curies":[{"name":"wp","href":"https:\/\/api.w.org\/{rel}","templated":true}]}}