{"id":125,"date":"2014-06-13T15:22:46","date_gmt":"2014-06-13T13:22:46","guid":{"rendered":"http:\/\/www.systemische-praxis-potsdam.de\/website_2014\/?page_id=125"},"modified":"2018-02-21T16:37:11","modified_gmt":"2018-02-21T14:37:11","slug":"symptomaufstellung","status":"publish","type":"page","link":"https:\/\/www.systemische-praxis-potsdam.de\/judithmuecke\/einzelsitzungen\/symptomaufstellung\/","title":{"rendered":"Symptom-Wahrnehmung"},"content":{"rendered":"<p>Mit der Stellvertretenden Wahrnehmung kann genau untersucht und sichtbar gemacht werden, welche geistig-seelische Ursache ein Symptom hat. Seelische Schmerzen werden zu k\u00f6rperlichen Schmerzen, wenn wir uns von ihnen distanziert und sie somit in den K\u00f6rper unterdr\u00fcckt haben. Seelische Konflikte sind widerspr\u00fcchliche oder unserem Wesen entgegengesetzte innere Auffassungen, die in unserem K\u00f6rper unterschiedliche Entz\u00fcndungen hervorrufen k\u00f6nnen. Untersucht man Allergien auf der geistig-seelischen Ebene, kann man deutlich erkennen, dass dies Abgrenzungsversuche sind, die sich auf die k\u00f6rperliche Ebene verlagert haben, weil sie emotional nicht gelebt werden k\u00f6nnen. Auch die Ursache von M\u00fcdigkeit, Schlaflosigkeit oder Dauerstress finden wir in den geistig-seelischen Bereichen. Hier kann man Muster emotionaler Unterdr\u00fcckung entdecken, die durch unverarbeitete Beziehungen oder famili\u00e4re Belastungen entstanden sind. Jedes Symptom in unserem K\u00f6rper, ist ein Zeichen daf\u00fcr, dass wir mit einem Zu-viel oder einem Zu-wenig an Lebensenergie oder emotionaler Energie klar kommen m\u00fcssen. Unsere geitig-seelischen Kr\u00e4fte k\u00f6nnen eine hohe Intensit\u00e4t sowie eine zerst\u00f6rerische und zersetzende Wirkung auf unseren K\u00f6rper haben. Wenn diese nicht nat\u00fcrlich flie\u00dfen k\u00f6nnen, sondern verdr\u00e4ngt werden, dann wirken sie unentwegt auf unseren K\u00f6rper ein, wodurch unsere sensiblen Nerven, unser Gewebe und alle anderen physischen Bereiche auf Dauer Schaden davon tragen k\u00f6nnen. Mit dem Erkennen emotionaler Blockaden und dem L\u00f6sen seelischer Verstrickungen, k\u00f6nnen wir unseren K\u00f6rper entlasten, so dass dieser wieder regenerieren kann.<\/p>\n<p>Eine Zeitstunde kostet 90\u20ac<\/p>\n<h2>Schreiben Sie mir eine Nachricht<\/h2>\n\n<div class=\"wpcf7 no-js\" id=\"wpcf7-f12-o1\" lang=\"de-DE\" dir=\"ltr\">\n<div class=\"screen-reader-response\"><p role=\"status\" aria-live=\"polite\" aria-atomic=\"true\"><\/p> <ul><\/ul><\/div>\n<form action=\"\/judithmuecke\/wp-json\/wp\/v2\/pages\/125#wpcf7-f12-o1\" method=\"post\" class=\"wpcf7-form init\" aria-label=\"Kontaktformular\" novalidate=\"novalidate\" data-status=\"init\">\n<div style=\"display: none;\">\n<input type=\"hidden\" name=\"_wpcf7\" value=\"12\" \/>\n<input type=\"hidden\" name=\"_wpcf7_version\" value=\"5.8.6\" \/>\n<input type=\"hidden\" name=\"_wpcf7_locale\" value=\"de_DE\" \/>\n<input type=\"hidden\" name=\"_wpcf7_unit_tag\" value=\"wpcf7-f12-o1\" \/>\n<input type=\"hidden\" name=\"_wpcf7_container_post\" value=\"0\" \/>\n<input type=\"hidden\" name=\"_wpcf7_posted_data_hash\" value=\"\" \/>\n<\/div>\n<p>Ihr Name (Pflichtfeld)\n<\/p>\n<p><span class=\"wpcf7-form-control-wrap\" data-name=\"your-name\"><input size=\"40\" class=\"wpcf7-form-control wpcf7-text wpcf7-validates-as-required\" aria-required=\"true\" aria-invalid=\"false\" value=\"\" type=\"text\" name=\"your-name\" \/><\/span>\n<\/p>\n<p>Ihre E-Mail-Adresse (Pflichtfeld)\n<\/p>\n<p><span class=\"wpcf7-form-control-wrap\" data-name=\"your-email\"><input size=\"40\" class=\"wpcf7-form-control wpcf7-email wpcf7-validates-as-required wpcf7-text wpcf7-validates-as-email\" aria-required=\"true\" aria-invalid=\"false\" value=\"\" type=\"email\" name=\"your-email\" \/><\/span>\n<\/p>\n<p>Betreff\n<\/p>\n<p><span class=\"wpcf7-form-control-wrap\" data-name=\"your-subject\"><input size=\"40\" class=\"wpcf7-form-control wpcf7-text\" aria-invalid=\"false\" value=\"\" type=\"text\" name=\"your-subject\" \/><\/span>\n<\/p>\n<p>Ihre Nachricht\n<\/p>\n<p><span class=\"wpcf7-form-control-wrap\" data-name=\"your-message\"><textarea cols=\"40\" rows=\"10\" class=\"wpcf7-form-control wpcf7-textarea\" aria-invalid=\"false\" name=\"your-message\"><\/textarea><\/span>\n<\/p>\n<p><input class=\"wpcf7-form-control wpcf7-submit has-spinner\" type=\"submit\" value=\"Senden\" \/>\n<\/p><div class=\"wpcf7-response-output\" aria-hidden=\"true\"><\/div>\n<\/form>\n<\/div>\n\n<div class=\"shariff shariff-align-flex-start shariff-widget-align-flex-start\"><ul class=\"shariff-buttons theme-default orientation-horizontal buttonsize-small\"><li class=\"shariff-button facebook shariff-nocustomcolor\" style=\"background-color:#4273c8\"><a href=\"https:\/\/www.facebook.com\/sharer\/sharer.php?u=https%3A%2F%2Fwww.systemische-praxis-potsdam.de%2Fjudithmuecke%2Feinzelsitzungen%2Fsymptomaufstellung%2F\" title=\"Bei Facebook teilen\" aria-label=\"Bei Facebook teilen\" role=\"button\" rel=\"nofollow\" class=\"shariff-link\" style=\"; background-color:#3b5998; color:#fff\" target=\"_blank\"><span class=\"shariff-icon\" style=\"\"><svg width=\"32px\" height=\"20px\" xmlns=\"http:\/\/www.w3.org\/2000\/svg\" viewBox=\"0 0 18 32\"><path fill=\"#3b5998\" d=\"M17.1 0.2v4.7h-2.8q-1.5 0-2.1 0.6t-0.5 1.9v3.4h5.2l-0.7 5.3h-4.5v13.6h-5.5v-13.6h-4.5v-5.3h4.5v-3.9q0-3.3 1.9-5.2t5-1.8q2.6 0 4.1 0.2z\"\/><\/svg><\/span><span class=\"shariff-text\">teilen<\/span>&nbsp;<\/a><\/li><\/ul><\/div>","protected":false},"excerpt":{"rendered":"<p>Mit der Stellvertretenden Wahrnehmung kann genau untersucht und sichtbar gemacht werden, welche geistig-seelische Ursache ein Symptom hat. Seelische Schmerzen werden zu k\u00f6rperlichen Schmerzen, wenn wir uns von ihnen distanziert und sie somit in den K\u00f6rper unterdr\u00fcckt haben. Seelische Konflikte sind widerspr\u00fcchliche oder unserem Wesen entgegengesetzte innere Auffassungen, die in unserem K\u00f6rper unterschiedliche Entz\u00fcndungen hervorrufen k\u00f6nnen. [&hellip;]<\/p>\n","protected":false},"author":1,"featured_media":0,"parent":6,"menu_order":4,"comment_status":"closed","ping_status":"closed","template":"","meta":{"footnotes":""},"_links":{"self":[{"href":"https:\/\/www.systemische-praxis-potsdam.de\/judithmuecke\/wp-json\/wp\/v2\/pages\/125"}],"collection":[{"href":"https:\/\/www.systemische-praxis-potsdam.de\/judithmuecke\/wp-json\/wp\/v2\/pages"}],"about":[{"href":"https:\/\/www.systemische-praxis-potsdam.de\/judithmuecke\/wp-json\/wp\/v2\/types\/page"}],"author":[{"embeddable":true,"href":"https:\/\/www.systemische-praxis-potsdam.de\/judithmuecke\/wp-json\/wp\/v2\/users\/1"}],"replies":[{"embeddable":true,"href":"https:\/\/www.systemische-praxis-potsdam.de\/judithmuecke\/wp-json\/wp\/v2\/comments?post=125"}],"version-history":[{"count":5,"href":"https:\/\/www.systemische-praxis-potsdam.de\/judithmuecke\/wp-json\/wp\/v2\/pages\/125\/revisions"}],"predecessor-version":[{"id":721,"href":"https:\/\/www.systemische-praxis-potsdam.de\/judithmuecke\/wp-json\/wp\/v2\/pages\/125\/revisions\/721"}],"up":[{"embeddable":true,"href":"https:\/\/www.systemische-praxis-potsdam.de\/judithmuecke\/wp-json\/wp\/v2\/pages\/6"}],"wp:attachment":[{"href":"https:\/\/www.systemische-praxis-potsdam.de\/judithmuecke\/wp-json\/wp\/v2\/media?parent=125"}],"curies":[{"name":"wp","href":"https:\/\/api.w.org\/{rel}","templated":true}]}}